{"id":20,"date":"2020-07-06T21:51:34","date_gmt":"2020-07-07T02:51:34","guid":{"rendered":"http:\/\/ecupyme.ec\/?page_id=20"},"modified":"2021-02-01T19:00:23","modified_gmt":"2021-02-02T00:00:23","slug":"ecupyme-soluciones-informaticas","status":"publish","type":"page","link":"https:\/\/ecupyme.ec\/index.php\/ecupyme-soluciones-informaticas\/","title":{"rendered":"Soluciones Tecnol\u00f3gicas"},"content":{"rendered":"\t\t<div data-elementor-type=\"wp-post\" data-elementor-id=\"20\" class=\"elementor elementor-20\">\n\t\t\t\t\t\t<section class=\"elementor-section elementor-top-section elementor-element elementor-element-f981e13 elementor-section-full_width elementor-section-stretched elementor-section-height-default elementor-section-height-default\" data-id=\"f981e13\" data-element_type=\"section\" data-e-type=\"section\" data-settings=\"{&quot;stretch_section&quot;:&quot;section-stretched&quot;}\">\n\t\t\t\t\t\t<div class=\"elementor-container elementor-column-gap-default\">\n\t\t\t\t\t<div class=\"elementor-column elementor-col-100 elementor-top-column elementor-element elementor-element-ed1c5d6\" data-id=\"ed1c5d6\" data-element_type=\"column\" data-e-type=\"column\">\n\t\t\t<div class=\"elementor-widget-wrap elementor-element-populated\">\n\t\t\t\t\t\t<div class=\"elementor-element elementor-element-8d2c23d elementor-widget elementor-widget-text-editor\" data-id=\"8d2c23d\" data-element_type=\"widget\" data-e-type=\"widget\" data-widget_type=\"text-editor.default\">\n\t\t\t\t<div class=\"elementor-widget-container\">\n\t\t\t\t\t\t\t\t\t<p>Software<\/p>\t\t\t\t\t\t\t\t<\/div>\n\t\t\t\t<\/div>\n\t\t\t\t<div class=\"elementor-element elementor-element-e17aa52 elementor-arrows-position-inside elementor-pagination-position-outside elementor-widget elementor-widget-image-carousel\" data-id=\"e17aa52\" data-element_type=\"widget\" data-e-type=\"widget\" data-settings=\"{&quot;slides_to_show&quot;:&quot;1&quot;,&quot;navigation&quot;:&quot;both&quot;,&quot;autoplay&quot;:&quot;yes&quot;,&quot;pause_on_hover&quot;:&quot;yes&quot;,&quot;pause_on_interaction&quot;:&quot;yes&quot;,&quot;autoplay_speed&quot;:5000,&quot;infinite&quot;:&quot;yes&quot;,&quot;effect&quot;:&quot;slide&quot;,&quot;speed&quot;:500}\" data-widget_type=\"image-carousel.default\">\n\t\t\t\t<div class=\"elementor-widget-container\">\n\t\t\t\t\t\t\t<div class=\"elementor-image-carousel-wrapper swiper\" role=\"region\" aria-roledescription=\"carousel\" aria-label=\"Carrusel de im\u00e1genes\" dir=\"ltr\">\n\t\t\t<div class=\"elementor-image-carousel swiper-wrapper\" aria-live=\"off\">\n\t\t\t\t\t\t\t\t<div class=\"swiper-slide\" role=\"group\" aria-roledescription=\"slide\" aria-label=\"1 de 2\"><figure class=\"swiper-slide-inner\"><img decoding=\"async\" class=\"swiper-slide-image\" src=\"https:\/\/ecupyme.ec\/wp-content\/uploads\/2021\/01\/computer-1245714_1920-150x150.jpg\" alt=\"Desarrollo de Software\" \/><\/figure><\/div><div class=\"swiper-slide\" role=\"group\" aria-roledescription=\"slide\" aria-label=\"2 de 2\"><figure class=\"swiper-slide-inner\"><img decoding=\"async\" class=\"swiper-slide-image\" src=\"https:\/\/ecupyme.ec\/wp-content\/uploads\/2021\/01\/Distribuidores-de-gas-01-150x150.jpg\" alt=\"Distribuidores de gas-01\" \/><\/figure><\/div>\t\t\t<\/div>\n\t\t\t\t\t\t\t\t\t\t\t\t<div class=\"elementor-swiper-button elementor-swiper-button-prev\" role=\"button\" tabindex=\"0\">\n\t\t\t\t\t\t<i aria-hidden=\"true\" class=\"eicon-chevron-left\"><\/i>\t\t\t\t\t<\/div>\n\t\t\t\t\t<div class=\"elementor-swiper-button elementor-swiper-button-next\" role=\"button\" tabindex=\"0\">\n\t\t\t\t\t\t<i aria-hidden=\"true\" class=\"eicon-chevron-right\"><\/i>\t\t\t\t\t<\/div>\n\t\t\t\t\n\t\t\t\t\t\t\t\t\t<div class=\"swiper-pagination\"><\/div>\n\t\t\t\t\t\t\t\t\t<\/div>\n\t\t\t\t\t\t<\/div>\n\t\t\t\t<\/div>\n\t\t\t\t\t<\/div>\n\t\t<\/div>\n\t\t\t\t\t<\/div>\n\t\t<\/section>\n\t\t\t\t<section class=\"elementor-section elementor-top-section elementor-element elementor-element-a7c61ee elementor-section-full_width elementor-section-stretched elementor-section-height-default elementor-section-height-default\" data-id=\"a7c61ee\" data-element_type=\"section\" data-e-type=\"section\" data-settings=\"{&quot;stretch_section&quot;:&quot;section-stretched&quot;}\">\n\t\t\t\t\t\t<div class=\"elementor-container elementor-column-gap-default\">\n\t\t\t\t\t<div class=\"elementor-column elementor-col-100 elementor-top-column elementor-element elementor-element-254abf8\" data-id=\"254abf8\" data-element_type=\"column\" data-e-type=\"column\">\n\t\t\t<div class=\"elementor-widget-wrap elementor-element-populated\">\n\t\t\t\t\t\t<div class=\"elementor-element elementor-element-a890425 elementor-widget elementor-widget-toggle\" data-id=\"a890425\" data-element_type=\"widget\" data-e-type=\"widget\" data-widget_type=\"toggle.default\">\n\t\t\t\t<div class=\"elementor-widget-container\">\n\t\t\t\t\t\t\t<div class=\"elementor-toggle\">\n\t\t\t\t\t\t\t<div class=\"elementor-toggle-item\">\n\t\t\t\t\t<div id=\"elementor-tab-title-1761\" class=\"elementor-tab-title\" data-tab=\"1\" role=\"button\" aria-controls=\"elementor-tab-content-1761\" aria-expanded=\"false\">\n\t\t\t\t\t\t\t\t\t\t\t\t<span class=\"elementor-toggle-icon elementor-toggle-icon-left\" aria-hidden=\"true\">\n\t\t\t\t\t\t\t\t\t\t\t\t\t\t\t<span class=\"elementor-toggle-icon-closed\"><i class=\"fas fa-caret-right\"><\/i><\/span>\n\t\t\t\t\t\t\t\t<span class=\"elementor-toggle-icon-opened\"><i class=\"elementor-toggle-icon-opened fas fa-caret-up\"><\/i><\/span>\n\t\t\t\t\t\t\t\t\t\t\t\t\t<\/span>\n\t\t\t\t\t\t\t\t\t\t\t\t<a class=\"elementor-toggle-title\" tabindex=\"0\">Opci\u00f3n #1<\/a>\n\t\t\t\t\t<\/div>\n\n\t\t\t\t\t<div id=\"elementor-tab-content-1761\" class=\"elementor-tab-content elementor-clearfix\" data-tab=\"1\" role=\"region\" aria-labelledby=\"elementor-tab-title-1761\">Lorem fistrum por la gloria de mi madre esse jarl aliqua llevame al sircoo. De la pradera ullamco qu\u00e9 dise usteer est\u00e1 la cosa muy malar.<\/div>\n\t\t\t\t<\/div>\n\t\t\t\t\t\t\t<div class=\"elementor-toggle-item\">\n\t\t\t\t\t<div id=\"elementor-tab-title-1762\" class=\"elementor-tab-title\" data-tab=\"2\" role=\"button\" aria-controls=\"elementor-tab-content-1762\" aria-expanded=\"false\">\n\t\t\t\t\t\t\t\t\t\t\t\t<span class=\"elementor-toggle-icon elementor-toggle-icon-left\" aria-hidden=\"true\">\n\t\t\t\t\t\t\t\t\t\t\t\t\t\t\t<span class=\"elementor-toggle-icon-closed\"><i class=\"fas fa-caret-right\"><\/i><\/span>\n\t\t\t\t\t\t\t\t<span class=\"elementor-toggle-icon-opened\"><i class=\"elementor-toggle-icon-opened fas fa-caret-up\"><\/i><\/span>\n\t\t\t\t\t\t\t\t\t\t\t\t\t<\/span>\n\t\t\t\t\t\t\t\t\t\t\t\t<a class=\"elementor-toggle-title\" tabindex=\"0\">Opci\u00f3n #2<\/a>\n\t\t\t\t\t<\/div>\n\n\t\t\t\t\t<div id=\"elementor-tab-content-1762\" class=\"elementor-tab-content elementor-clearfix\" data-tab=\"2\" role=\"region\" aria-labelledby=\"elementor-tab-title-1762\">Lorem fistrum por la gloria de mi madre esse jarl aliqua llevame al sircoo. De la pradera ullamco qu\u00e9 dise usteer est\u00e1 la cosa muy malar.<\/div>\n\t\t\t\t<\/div>\n\t\t\t\t\t\t\t\t<\/div>\n\t\t\t\t\t\t<\/div>\n\t\t\t\t<\/div>\n\t\t\t\t\t<\/div>\n\t\t<\/div>\n\t\t\t\t\t<\/div>\n\t\t<\/section>\n\t\t\t\t<\/div>\n\t\t","protected":false},"excerpt":{"rendered":"<p>Software Anterior Siguiente Opci\u00f3n #1 Lorem fistrum por la gloria de mi madre esse jarl aliqua llevame al sircoo. De la pradera ullamco qu\u00e9 dise usteer est\u00e1 la cosa muy malar. Opci\u00f3n #2 Lorem fistrum por la gloria de mi madre esse jarl aliqua llevame al sircoo. De la pradera ullamco qu\u00e9 dise usteer est\u00e1 &hellip; <\/p>\n","protected":false},"author":1,"featured_media":0,"parent":0,"menu_order":2,"comment_status":"closed","ping_status":"closed","template":"","meta":{"footnotes":""},"class_list":["post-20","page","type-page","status-publish","hentry"],"yoast_head":"<!-- This site is optimized with the Yoast SEO plugin v27.3 - https:\/\/yoast.com\/product\/yoast-seo-wordpress\/ -->\n<title>Soluciones Tecnol\u00f3gicas - EcuPyme<\/title>\n<meta name=\"robots\" content=\"index, follow, max-snippet:-1, max-image-preview:large, max-video-preview:-1\" \/>\n<link rel=\"canonical\" href=\"https:\/\/ecupyme.ec\/index.php\/ecupyme-soluciones-informaticas\/\" \/>\n<meta property=\"og:locale\" content=\"es_ES\" \/>\n<meta property=\"og:type\" content=\"article\" \/>\n<meta property=\"og:title\" content=\"Soluciones Tecnol\u00f3gicas - EcuPyme\" \/>\n<meta property=\"og:description\" content=\"Software Anterior Siguiente Opci\u00f3n #1 Lorem fistrum por la gloria de mi madre esse jarl aliqua llevame al sircoo. De la pradera ullamco qu\u00e9 dise usteer est\u00e1 la cosa muy malar. Opci\u00f3n #2 Lorem fistrum por la gloria de mi madre esse jarl aliqua llevame al sircoo. De la pradera ullamco qu\u00e9 dise usteer est\u00e1 &hellip;\" \/>\n<meta property=\"og:url\" content=\"https:\/\/ecupyme.ec\/index.php\/ecupyme-soluciones-informaticas\/\" \/>\n<meta property=\"og:site_name\" content=\"EcuPyme\" \/>\n<meta property=\"article:modified_time\" content=\"2021-02-02T00:00:23+00:00\" \/>\n<meta property=\"og:image\" content=\"http:\/\/ecupyme.ec\/wp-content\/uploads\/2021\/01\/computer-1245714_1920-150x150.jpg\" \/>\n<meta name=\"twitter:card\" content=\"summary_large_image\" \/>\n<meta name=\"twitter:label1\" content=\"Tiempo de lectura\" \/>\n\t<meta name=\"twitter:data1\" content=\"2 minutos\" \/>\n<script type=\"application\/ld+json\" class=\"yoast-schema-graph\">{\"@context\":\"https:\\\/\\\/schema.org\",\"@graph\":[{\"@type\":\"WebPage\",\"@id\":\"https:\\\/\\\/ecupyme.ec\\\/index.php\\\/ecupyme-soluciones-informaticas\\\/\",\"url\":\"https:\\\/\\\/ecupyme.ec\\\/index.php\\\/ecupyme-soluciones-informaticas\\\/\",\"name\":\"Soluciones Tecnol\u00f3gicas - EcuPyme\",\"isPartOf\":{\"@id\":\"https:\\\/\\\/ecupyme.ec\\\/#website\"},\"primaryImageOfPage\":{\"@id\":\"https:\\\/\\\/ecupyme.ec\\\/index.php\\\/ecupyme-soluciones-informaticas\\\/#primaryimage\"},\"image\":{\"@id\":\"https:\\\/\\\/ecupyme.ec\\\/index.php\\\/ecupyme-soluciones-informaticas\\\/#primaryimage\"},\"thumbnailUrl\":\"http:\\\/\\\/ecupyme.ec\\\/wp-content\\\/uploads\\\/2021\\\/01\\\/computer-1245714_1920-150x150.jpg\",\"datePublished\":\"2020-07-07T02:51:34+00:00\",\"dateModified\":\"2021-02-02T00:00:23+00:00\",\"breadcrumb\":{\"@id\":\"https:\\\/\\\/ecupyme.ec\\\/index.php\\\/ecupyme-soluciones-informaticas\\\/#breadcrumb\"},\"inLanguage\":\"es\",\"potentialAction\":[{\"@type\":\"ReadAction\",\"target\":[\"https:\\\/\\\/ecupyme.ec\\\/index.php\\\/ecupyme-soluciones-informaticas\\\/\"]}]},{\"@type\":\"ImageObject\",\"inLanguage\":\"es\",\"@id\":\"https:\\\/\\\/ecupyme.ec\\\/index.php\\\/ecupyme-soluciones-informaticas\\\/#primaryimage\",\"url\":\"https:\\\/\\\/ecupyme.ec\\\/wp-content\\\/uploads\\\/2021\\\/01\\\/computer-1245714_1920.jpg\",\"contentUrl\":\"https:\\\/\\\/ecupyme.ec\\\/wp-content\\\/uploads\\\/2021\\\/01\\\/computer-1245714_1920.jpg\",\"width\":1920,\"height\":1275,\"caption\":\"Desarrollo de Software\"},{\"@type\":\"BreadcrumbList\",\"@id\":\"https:\\\/\\\/ecupyme.ec\\\/index.php\\\/ecupyme-soluciones-informaticas\\\/#breadcrumb\",\"itemListElement\":[{\"@type\":\"ListItem\",\"position\":1,\"name\":\"Portada\",\"item\":\"https:\\\/\\\/ecupyme.ec\\\/\"},{\"@type\":\"ListItem\",\"position\":2,\"name\":\"Soluciones Tecnol\u00f3gicas\"}]},{\"@type\":\"WebSite\",\"@id\":\"https:\\\/\\\/ecupyme.ec\\\/#website\",\"url\":\"https:\\\/\\\/ecupyme.ec\\\/\",\"name\":\"EcuPyme\",\"description\":\"Software, Consultoria y Hardware\",\"potentialAction\":[{\"@type\":\"SearchAction\",\"target\":{\"@type\":\"EntryPoint\",\"urlTemplate\":\"https:\\\/\\\/ecupyme.ec\\\/?s={search_term_string}\"},\"query-input\":{\"@type\":\"PropertyValueSpecification\",\"valueRequired\":true,\"valueName\":\"search_term_string\"}}],\"inLanguage\":\"es\"}]}<\/script>\n<!-- \/ Yoast SEO plugin. -->","yoast_head_json":{"title":"Soluciones Tecnol\u00f3gicas - EcuPyme","robots":{"index":"index","follow":"follow","max-snippet":"max-snippet:-1","max-image-preview":"max-image-preview:large","max-video-preview":"max-video-preview:-1"},"canonical":"https:\/\/ecupyme.ec\/index.php\/ecupyme-soluciones-informaticas\/","og_locale":"es_ES","og_type":"article","og_title":"Soluciones Tecnol\u00f3gicas - EcuPyme","og_description":"Software Anterior Siguiente Opci\u00f3n #1 Lorem fistrum por la gloria de mi madre esse jarl aliqua llevame al sircoo. De la pradera ullamco qu\u00e9 dise usteer est\u00e1 la cosa muy malar. Opci\u00f3n #2 Lorem fistrum por la gloria de mi madre esse jarl aliqua llevame al sircoo. De la pradera ullamco qu\u00e9 dise usteer est\u00e1 &hellip;","og_url":"https:\/\/ecupyme.ec\/index.php\/ecupyme-soluciones-informaticas\/","og_site_name":"EcuPyme","article_modified_time":"2021-02-02T00:00:23+00:00","og_image":[{"url":"http:\/\/ecupyme.ec\/wp-content\/uploads\/2021\/01\/computer-1245714_1920-150x150.jpg","type":"","width":"","height":""}],"twitter_card":"summary_large_image","twitter_misc":{"Tiempo de lectura":"2 minutos"},"schema":{"@context":"https:\/\/schema.org","@graph":[{"@type":"WebPage","@id":"https:\/\/ecupyme.ec\/index.php\/ecupyme-soluciones-informaticas\/","url":"https:\/\/ecupyme.ec\/index.php\/ecupyme-soluciones-informaticas\/","name":"Soluciones Tecnol\u00f3gicas - EcuPyme","isPartOf":{"@id":"https:\/\/ecupyme.ec\/#website"},"primaryImageOfPage":{"@id":"https:\/\/ecupyme.ec\/index.php\/ecupyme-soluciones-informaticas\/#primaryimage"},"image":{"@id":"https:\/\/ecupyme.ec\/index.php\/ecupyme-soluciones-informaticas\/#primaryimage"},"thumbnailUrl":"http:\/\/ecupyme.ec\/wp-content\/uploads\/2021\/01\/computer-1245714_1920-150x150.jpg","datePublished":"2020-07-07T02:51:34+00:00","dateModified":"2021-02-02T00:00:23+00:00","breadcrumb":{"@id":"https:\/\/ecupyme.ec\/index.php\/ecupyme-soluciones-informaticas\/#breadcrumb"},"inLanguage":"es","potentialAction":[{"@type":"ReadAction","target":["https:\/\/ecupyme.ec\/index.php\/ecupyme-soluciones-informaticas\/"]}]},{"@type":"ImageObject","inLanguage":"es","@id":"https:\/\/ecupyme.ec\/index.php\/ecupyme-soluciones-informaticas\/#primaryimage","url":"https:\/\/ecupyme.ec\/wp-content\/uploads\/2021\/01\/computer-1245714_1920.jpg","contentUrl":"https:\/\/ecupyme.ec\/wp-content\/uploads\/2021\/01\/computer-1245714_1920.jpg","width":1920,"height":1275,"caption":"Desarrollo de Software"},{"@type":"BreadcrumbList","@id":"https:\/\/ecupyme.ec\/index.php\/ecupyme-soluciones-informaticas\/#breadcrumb","itemListElement":[{"@type":"ListItem","position":1,"name":"Portada","item":"https:\/\/ecupyme.ec\/"},{"@type":"ListItem","position":2,"name":"Soluciones Tecnol\u00f3gicas"}]},{"@type":"WebSite","@id":"https:\/\/ecupyme.ec\/#website","url":"https:\/\/ecupyme.ec\/","name":"EcuPyme","description":"Software, Consultoria y Hardware","potentialAction":[{"@type":"SearchAction","target":{"@type":"EntryPoint","urlTemplate":"https:\/\/ecupyme.ec\/?s={search_term_string}"},"query-input":{"@type":"PropertyValueSpecification","valueRequired":true,"valueName":"search_term_string"}}],"inLanguage":"es"}]}},"_links":{"self":[{"href":"https:\/\/ecupyme.ec\/index.php\/wp-json\/wp\/v2\/pages\/20","targetHints":{"allow":["GET"]}}],"collection":[{"href":"https:\/\/ecupyme.ec\/index.php\/wp-json\/wp\/v2\/pages"}],"about":[{"href":"https:\/\/ecupyme.ec\/index.php\/wp-json\/wp\/v2\/types\/page"}],"author":[{"embeddable":true,"href":"https:\/\/ecupyme.ec\/index.php\/wp-json\/wp\/v2\/users\/1"}],"replies":[{"embeddable":true,"href":"https:\/\/ecupyme.ec\/index.php\/wp-json\/wp\/v2\/comments?post=20"}],"version-history":[{"count":22,"href":"https:\/\/ecupyme.ec\/index.php\/wp-json\/wp\/v2\/pages\/20\/revisions"}],"predecessor-version":[{"id":950,"href":"https:\/\/ecupyme.ec\/index.php\/wp-json\/wp\/v2\/pages\/20\/revisions\/950"}],"wp:attachment":[{"href":"https:\/\/ecupyme.ec\/index.php\/wp-json\/wp\/v2\/media?parent=20"}],"curies":[{"name":"wp","href":"https:\/\/api.w.org\/{rel}","templated":true}]}}