{"id":43,"date":"2020-12-30T16:50:35","date_gmt":"2020-12-30T21:50:35","guid":{"rendered":"http:\/\/ecupyme.ec\/?page_id=43"},"modified":"2021-01-27T15:37:29","modified_gmt":"2021-01-27T20:37:29","slug":"consultoria-y-asesoramiento","status":"publish","type":"page","link":"https:\/\/ecupyme.ec\/index.php\/consultoria-y-asesoramiento\/","title":{"rendered":"Staff"},"content":{"rendered":"\t\t<div data-elementor-type=\"wp-page\" data-elementor-id=\"43\" class=\"elementor elementor-43\">\n\t\t\t\t\t\t<section class=\"elementor-section elementor-top-section elementor-element elementor-element-f8de230 elementor-section-full_width elementor-section-stretched elementor-section-height-default elementor-section-height-default\" data-id=\"f8de230\" data-element_type=\"section\" data-e-type=\"section\" data-settings=\"{&quot;stretch_section&quot;:&quot;section-stretched&quot;}\">\n\t\t\t\t\t\t<div class=\"elementor-container elementor-column-gap-default\">\n\t\t\t\t\t<div class=\"elementor-column elementor-col-33 elementor-top-column elementor-element elementor-element-71143fd\" data-id=\"71143fd\" data-element_type=\"column\" data-e-type=\"column\">\n\t\t\t<div class=\"elementor-widget-wrap elementor-element-populated\">\n\t\t\t\t\t\t<div class=\"elementor-element elementor-element-5b06efd elementor-widget elementor-widget-image\" data-id=\"5b06efd\" data-element_type=\"widget\" data-e-type=\"widget\" data-widget_type=\"image.default\">\n\t\t\t\t<div class=\"elementor-widget-container\">\n\t\t\t\t\t\t\t\t\t\t\t\t\t\t\t<img decoding=\"async\" src=\"https:\/\/ecupyme.ec\/wp-content\/plugins\/elementor\/assets\/images\/placeholder.png\" title=\"\" alt=\"\" loading=\"lazy\" \/>\t\t\t\t\t\t\t\t\t\t\t\t\t\t\t<\/div>\n\t\t\t\t<\/div>\n\t\t\t\t<div class=\"elementor-element elementor-element-dc58c8f elementor-align-start elementor-icon-list--layout-traditional elementor-list-item-link-full_width elementor-widget elementor-widget-icon-list\" data-id=\"dc58c8f\" data-element_type=\"widget\" data-e-type=\"widget\" data-widget_type=\"icon-list.default\">\n\t\t\t\t<div class=\"elementor-widget-container\">\n\t\t\t\t\t\t\t<ul class=\"elementor-icon-list-items\">\n\t\t\t\t\t\t\t<li class=\"elementor-icon-list-item\">\n\t\t\t\t\t\t\t\t\t\t\t<a href=\"https:\/\/www.linkedin.com\/in\/cristina-pinto-ramos-434738189\/\">\n\n\t\t\t\t\t\t\t\t\t\t\t\t<span class=\"elementor-icon-list-icon\">\n\t\t\t\t\t\t\t<i aria-hidden=\"true\" class=\"fab fa-linkedin\"><\/i>\t\t\t\t\t\t<\/span>\n\t\t\t\t\t\t\t\t\t\t<span class=\"elementor-icon-list-text\">Cristina Pinto Ramos<\/span>\n\t\t\t\t\t\t\t\t\t\t\t<\/a>\n\t\t\t\t\t\t\t\t\t<\/li>\n\t\t\t\t\t\t\t\t<li class=\"elementor-icon-list-item\">\n\t\t\t\t\t\t\t\t\t\t\t<a href=\"https:\/\/www.facebook.com\/criss.pinto\">\n\n\t\t\t\t\t\t\t\t\t\t\t\t<span class=\"elementor-icon-list-icon\">\n\t\t\t\t\t\t\t<i aria-hidden=\"true\" class=\"fab fa-facebook\"><\/i>\t\t\t\t\t\t<\/span>\n\t\t\t\t\t\t\t\t\t\t<span class=\"elementor-icon-list-text\">Criss Pinto<\/span>\n\t\t\t\t\t\t\t\t\t\t\t<\/a>\n\t\t\t\t\t\t\t\t\t<\/li>\n\t\t\t\t\t\t\t\t<li class=\"elementor-icon-list-item\">\n\t\t\t\t\t\t\t\t\t\t\t<a href=\"https:\/\/www.instagram.com\/criss_pinto_ec\/\">\n\n\t\t\t\t\t\t\t\t\t\t\t\t<span class=\"elementor-icon-list-icon\">\n\t\t\t\t\t\t\t<i aria-hidden=\"true\" class=\"fab fa-instagram\"><\/i>\t\t\t\t\t\t<\/span>\n\t\t\t\t\t\t\t\t\t\t<span class=\"elementor-icon-list-text\">Criss Pinto<\/span>\n\t\t\t\t\t\t\t\t\t\t\t<\/a>\n\t\t\t\t\t\t\t\t\t<\/li>\n\t\t\t\t\t\t\t\t<li class=\"elementor-icon-list-item\">\n\t\t\t\t\t\t\t\t\t\t\t<a href=\"https:\/\/twitter.com\/criss_pinto\">\n\n\t\t\t\t\t\t\t\t\t\t\t\t<span class=\"elementor-icon-list-icon\">\n\t\t\t\t\t\t\t<i aria-hidden=\"true\" class=\"fab fa-twitter\"><\/i>\t\t\t\t\t\t<\/span>\n\t\t\t\t\t\t\t\t\t\t<span class=\"elementor-icon-list-text\">Twitter<\/span>\n\t\t\t\t\t\t\t\t\t\t\t<\/a>\n\t\t\t\t\t\t\t\t\t<\/li>\n\t\t\t\t\t\t<\/ul>\n\t\t\t\t\t\t<\/div>\n\t\t\t\t<\/div>\n\t\t\t\t\t<\/div>\n\t\t<\/div>\n\t\t\t\t<div class=\"elementor-column elementor-col-66 elementor-top-column elementor-element elementor-element-5d9511a\" data-id=\"5d9511a\" data-element_type=\"column\" data-e-type=\"column\">\n\t\t\t<div class=\"elementor-widget-wrap elementor-element-populated\">\n\t\t\t\t\t\t<div class=\"elementor-element elementor-element-fff9add elementor-widget elementor-widget-text-editor\" data-id=\"fff9add\" data-element_type=\"widget\" data-e-type=\"widget\" data-widget_type=\"text-editor.default\">\n\t\t\t\t<div class=\"elementor-widget-container\">\n\t\t\t\t\t\t\t\t\t<p><span style=\"font-size: 18pt; color: #003366;\"><strong>Cristina Gabriela Pinto Ramos<\/strong><\/span><\/p>\t\t\t\t\t\t\t\t<\/div>\n\t\t\t\t<\/div>\n\t\t\t\t<div class=\"elementor-element elementor-element-bdba366 elementor-widget elementor-widget-text-editor\" data-id=\"bdba366\" data-element_type=\"widget\" data-e-type=\"widget\" data-widget_type=\"text-editor.default\">\n\t\t\t\t<div class=\"elementor-widget-container\">\n\t\t\t\t\t\t\t\t\t<p><em><cite>Soy Ingeniera en Sistemas, con amplia experiencia en Implementaci\u00f3n de Software, Gesti\u00f3n de Proyectos, Finanzas, Inteligencia de Negocios, Contabilidad de Costos, Administraci\u00f3n de N\u00f3mina y Gesti\u00f3n Humana.<\/cite><\/em><\/p>\t\t\t\t\t\t\t\t<\/div>\n\t\t\t\t<\/div>\n\t\t\t\t<div class=\"elementor-element elementor-element-d4517b4 elementor-widget elementor-widget-text-editor\" data-id=\"d4517b4\" data-element_type=\"widget\" data-e-type=\"widget\" data-widget_type=\"text-editor.default\">\n\t\t\t\t<div class=\"elementor-widget-container\">\n\t\t\t\t\t\t\t\t\t<p><em><cite>He trabajado en el sector P\u00fablico y Privado, para Empresas de Comercializaci\u00f3n de Veh\u00edculos, Creaci\u00f3n y Venta de Software y Producci\u00f3n. Mis empleadores han sido: Automotores de la Sierra S.A. (ASSA Concesionario Chevrolet), Autos y Servicios de la Sierra (Autosierra Concesionario Volkswagen), Vehysa (Concesionario Hyundai), Software de la Sierra (Softsierra), Instituto Nacional de Estad\u00edstica y Censos (INEC) y Plasticaucho Industrial.<\/cite><\/em><\/p>\t\t\t\t\t\t\t\t<\/div>\n\t\t\t\t<\/div>\n\t\t\t\t\t<\/div>\n\t\t<\/div>\n\t\t\t\t\t<\/div>\n\t\t<\/section>\n\t\t\t\t<section class=\"elementor-section elementor-top-section elementor-element elementor-element-be55c70 elementor-section-boxed elementor-section-height-default elementor-section-height-default\" data-id=\"be55c70\" data-element_type=\"section\" data-e-type=\"section\">\n\t\t\t\t\t\t<div class=\"elementor-container elementor-column-gap-default\">\n\t\t\t\t\t<div class=\"elementor-column elementor-col-100 elementor-top-column elementor-element elementor-element-daad518\" data-id=\"daad518\" data-element_type=\"column\" data-e-type=\"column\">\n\t\t\t<div class=\"elementor-widget-wrap\">\n\t\t\t\t\t\t\t<\/div>\n\t\t<\/div>\n\t\t\t\t\t<\/div>\n\t\t<\/section>\n\t\t\t\t<\/div>\n\t\t","protected":false},"excerpt":{"rendered":"<p>Cristina Pinto Ramos Criss Pinto Criss Pinto Twitter Cristina Gabriela Pinto Ramos Soy Ingeniera en Sistemas, con amplia experiencia en Implementaci\u00f3n de Software, Gesti\u00f3n de Proyectos, Finanzas, Inteligencia de Negocios, Contabilidad de Costos, Administraci\u00f3n de N\u00f3mina y Gesti\u00f3n Humana. He trabajado en el sector P\u00fablico y Privado, para Empresas de Comercializaci\u00f3n de Veh\u00edculos, Creaci\u00f3n y &hellip; <\/p>\n","protected":false},"author":2,"featured_media":0,"parent":0,"menu_order":3,"comment_status":"closed","ping_status":"closed","template":"","meta":{"footnotes":""},"class_list":["post-43","page","type-page","status-publish","hentry"],"yoast_head":"<!-- This site is optimized with the Yoast SEO plugin v27.3 - https:\/\/yoast.com\/product\/yoast-seo-wordpress\/ -->\n<title>Staff - EcuPyme<\/title>\n<meta name=\"robots\" content=\"index, follow, max-snippet:-1, max-image-preview:large, max-video-preview:-1\" \/>\n<link rel=\"canonical\" href=\"https:\/\/ecupyme.ec\/index.php\/consultoria-y-asesoramiento\/\" \/>\n<meta property=\"og:locale\" content=\"es_ES\" \/>\n<meta property=\"og:type\" content=\"article\" \/>\n<meta property=\"og:title\" content=\"Staff - EcuPyme\" \/>\n<meta property=\"og:description\" content=\"Cristina Pinto Ramos Criss Pinto Criss Pinto Twitter Cristina Gabriela Pinto Ramos Soy Ingeniera en Sistemas, con amplia experiencia en Implementaci\u00f3n de Software, Gesti\u00f3n de Proyectos, Finanzas, Inteligencia de Negocios, Contabilidad de Costos, Administraci\u00f3n de N\u00f3mina y Gesti\u00f3n Humana. He trabajado en el sector P\u00fablico y Privado, para Empresas de Comercializaci\u00f3n de Veh\u00edculos, Creaci\u00f3n y &hellip;\" \/>\n<meta property=\"og:url\" content=\"https:\/\/ecupyme.ec\/index.php\/consultoria-y-asesoramiento\/\" \/>\n<meta property=\"og:site_name\" content=\"EcuPyme\" \/>\n<meta property=\"article:modified_time\" content=\"2021-01-27T20:37:29+00:00\" \/>\n<meta property=\"og:image\" content=\"http:\/\/ecupyme.ec\/wp-content\/plugins\/elementor\/assets\/images\/placeholder.png\" \/>\n<meta name=\"twitter:card\" content=\"summary_large_image\" \/>\n<meta name=\"twitter:label1\" content=\"Tiempo de lectura\" \/>\n\t<meta name=\"twitter:data1\" content=\"1 minuto\" \/>\n<script type=\"application\/ld+json\" class=\"yoast-schema-graph\">{\"@context\":\"https:\\\/\\\/schema.org\",\"@graph\":[{\"@type\":\"WebPage\",\"@id\":\"https:\\\/\\\/ecupyme.ec\\\/index.php\\\/consultoria-y-asesoramiento\\\/\",\"url\":\"https:\\\/\\\/ecupyme.ec\\\/index.php\\\/consultoria-y-asesoramiento\\\/\",\"name\":\"Staff - EcuPyme\",\"isPartOf\":{\"@id\":\"https:\\\/\\\/ecupyme.ec\\\/#website\"},\"primaryImageOfPage\":{\"@id\":\"https:\\\/\\\/ecupyme.ec\\\/index.php\\\/consultoria-y-asesoramiento\\\/#primaryimage\"},\"image\":{\"@id\":\"https:\\\/\\\/ecupyme.ec\\\/index.php\\\/consultoria-y-asesoramiento\\\/#primaryimage\"},\"thumbnailUrl\":\"http:\\\/\\\/ecupyme.ec\\\/wp-content\\\/plugins\\\/elementor\\\/assets\\\/images\\\/placeholder.png\",\"datePublished\":\"2020-12-30T21:50:35+00:00\",\"dateModified\":\"2021-01-27T20:37:29+00:00\",\"breadcrumb\":{\"@id\":\"https:\\\/\\\/ecupyme.ec\\\/index.php\\\/consultoria-y-asesoramiento\\\/#breadcrumb\"},\"inLanguage\":\"es\",\"potentialAction\":[{\"@type\":\"ReadAction\",\"target\":[\"https:\\\/\\\/ecupyme.ec\\\/index.php\\\/consultoria-y-asesoramiento\\\/\"]}]},{\"@type\":\"ImageObject\",\"inLanguage\":\"es\",\"@id\":\"https:\\\/\\\/ecupyme.ec\\\/index.php\\\/consultoria-y-asesoramiento\\\/#primaryimage\",\"url\":\"http:\\\/\\\/ecupyme.ec\\\/wp-content\\\/plugins\\\/elementor\\\/assets\\\/images\\\/placeholder.png\",\"contentUrl\":\"http:\\\/\\\/ecupyme.ec\\\/wp-content\\\/plugins\\\/elementor\\\/assets\\\/images\\\/placeholder.png\"},{\"@type\":\"BreadcrumbList\",\"@id\":\"https:\\\/\\\/ecupyme.ec\\\/index.php\\\/consultoria-y-asesoramiento\\\/#breadcrumb\",\"itemListElement\":[{\"@type\":\"ListItem\",\"position\":1,\"name\":\"Portada\",\"item\":\"https:\\\/\\\/ecupyme.ec\\\/\"},{\"@type\":\"ListItem\",\"position\":2,\"name\":\"Staff\"}]},{\"@type\":\"WebSite\",\"@id\":\"https:\\\/\\\/ecupyme.ec\\\/#website\",\"url\":\"https:\\\/\\\/ecupyme.ec\\\/\",\"name\":\"EcuPyme\",\"description\":\"Software, Consultoria y Hardware\",\"potentialAction\":[{\"@type\":\"SearchAction\",\"target\":{\"@type\":\"EntryPoint\",\"urlTemplate\":\"https:\\\/\\\/ecupyme.ec\\\/?s={search_term_string}\"},\"query-input\":{\"@type\":\"PropertyValueSpecification\",\"valueRequired\":true,\"valueName\":\"search_term_string\"}}],\"inLanguage\":\"es\"}]}<\/script>\n<!-- \/ Yoast SEO plugin. -->","yoast_head_json":{"title":"Staff - EcuPyme","robots":{"index":"index","follow":"follow","max-snippet":"max-snippet:-1","max-image-preview":"max-image-preview:large","max-video-preview":"max-video-preview:-1"},"canonical":"https:\/\/ecupyme.ec\/index.php\/consultoria-y-asesoramiento\/","og_locale":"es_ES","og_type":"article","og_title":"Staff - EcuPyme","og_description":"Cristina Pinto Ramos Criss Pinto Criss Pinto Twitter Cristina Gabriela Pinto Ramos Soy Ingeniera en Sistemas, con amplia experiencia en Implementaci\u00f3n de Software, Gesti\u00f3n de Proyectos, Finanzas, Inteligencia de Negocios, Contabilidad de Costos, Administraci\u00f3n de N\u00f3mina y Gesti\u00f3n Humana. He trabajado en el sector P\u00fablico y Privado, para Empresas de Comercializaci\u00f3n de Veh\u00edculos, Creaci\u00f3n y &hellip;","og_url":"https:\/\/ecupyme.ec\/index.php\/consultoria-y-asesoramiento\/","og_site_name":"EcuPyme","article_modified_time":"2021-01-27T20:37:29+00:00","og_image":[{"url":"http:\/\/ecupyme.ec\/wp-content\/plugins\/elementor\/assets\/images\/placeholder.png","type":"","width":"","height":""}],"twitter_card":"summary_large_image","twitter_misc":{"Tiempo de lectura":"1 minuto"},"schema":{"@context":"https:\/\/schema.org","@graph":[{"@type":"WebPage","@id":"https:\/\/ecupyme.ec\/index.php\/consultoria-y-asesoramiento\/","url":"https:\/\/ecupyme.ec\/index.php\/consultoria-y-asesoramiento\/","name":"Staff - EcuPyme","isPartOf":{"@id":"https:\/\/ecupyme.ec\/#website"},"primaryImageOfPage":{"@id":"https:\/\/ecupyme.ec\/index.php\/consultoria-y-asesoramiento\/#primaryimage"},"image":{"@id":"https:\/\/ecupyme.ec\/index.php\/consultoria-y-asesoramiento\/#primaryimage"},"thumbnailUrl":"http:\/\/ecupyme.ec\/wp-content\/plugins\/elementor\/assets\/images\/placeholder.png","datePublished":"2020-12-30T21:50:35+00:00","dateModified":"2021-01-27T20:37:29+00:00","breadcrumb":{"@id":"https:\/\/ecupyme.ec\/index.php\/consultoria-y-asesoramiento\/#breadcrumb"},"inLanguage":"es","potentialAction":[{"@type":"ReadAction","target":["https:\/\/ecupyme.ec\/index.php\/consultoria-y-asesoramiento\/"]}]},{"@type":"ImageObject","inLanguage":"es","@id":"https:\/\/ecupyme.ec\/index.php\/consultoria-y-asesoramiento\/#primaryimage","url":"http:\/\/ecupyme.ec\/wp-content\/plugins\/elementor\/assets\/images\/placeholder.png","contentUrl":"http:\/\/ecupyme.ec\/wp-content\/plugins\/elementor\/assets\/images\/placeholder.png"},{"@type":"BreadcrumbList","@id":"https:\/\/ecupyme.ec\/index.php\/consultoria-y-asesoramiento\/#breadcrumb","itemListElement":[{"@type":"ListItem","position":1,"name":"Portada","item":"https:\/\/ecupyme.ec\/"},{"@type":"ListItem","position":2,"name":"Staff"}]},{"@type":"WebSite","@id":"https:\/\/ecupyme.ec\/#website","url":"https:\/\/ecupyme.ec\/","name":"EcuPyme","description":"Software, Consultoria y Hardware","potentialAction":[{"@type":"SearchAction","target":{"@type":"EntryPoint","urlTemplate":"https:\/\/ecupyme.ec\/?s={search_term_string}"},"query-input":{"@type":"PropertyValueSpecification","valueRequired":true,"valueName":"search_term_string"}}],"inLanguage":"es"}]}},"_links":{"self":[{"href":"https:\/\/ecupyme.ec\/index.php\/wp-json\/wp\/v2\/pages\/43","targetHints":{"allow":["GET"]}}],"collection":[{"href":"https:\/\/ecupyme.ec\/index.php\/wp-json\/wp\/v2\/pages"}],"about":[{"href":"https:\/\/ecupyme.ec\/index.php\/wp-json\/wp\/v2\/types\/page"}],"author":[{"embeddable":true,"href":"https:\/\/ecupyme.ec\/index.php\/wp-json\/wp\/v2\/users\/2"}],"replies":[{"embeddable":true,"href":"https:\/\/ecupyme.ec\/index.php\/wp-json\/wp\/v2\/comments?post=43"}],"version-history":[{"count":56,"href":"https:\/\/ecupyme.ec\/index.php\/wp-json\/wp\/v2\/pages\/43\/revisions"}],"predecessor-version":[{"id":416,"href":"https:\/\/ecupyme.ec\/index.php\/wp-json\/wp\/v2\/pages\/43\/revisions\/416"}],"wp:attachment":[{"href":"https:\/\/ecupyme.ec\/index.php\/wp-json\/wp\/v2\/media?parent=43"}],"curies":[{"name":"wp","href":"https:\/\/api.w.org\/{rel}","templated":true}]}}