{"id":72,"date":"2021-01-07T12:01:59","date_gmt":"2021-01-07T17:01:59","guid":{"rendered":"http:\/\/ecupyme.ec\/?page_id=72"},"modified":"2021-02-19T15:19:42","modified_gmt":"2021-02-19T20:19:42","slug":"inicio","status":"publish","type":"page","link":"https:\/\/ecupyme.ec\/index.php\/inicio\/","title":{"rendered":"Nosotros"},"content":{"rendered":"\t\t<div data-elementor-type=\"wp-page\" data-elementor-id=\"72\" class=\"elementor elementor-72\">\n\t\t\t\t\t\t<section class=\"elementor-section elementor-top-section elementor-element elementor-element-3f67f84 elementor-section-full_width elementor-section-stretched elementor-section-height-default elementor-section-height-default\" data-id=\"3f67f84\" data-element_type=\"section\" data-e-type=\"section\" data-settings=\"{&quot;stretch_section&quot;:&quot;section-stretched&quot;}\">\n\t\t\t\t\t\t<div class=\"elementor-container elementor-column-gap-default\">\n\t\t\t\t\t<div class=\"elementor-column elementor-col-100 elementor-top-column elementor-element elementor-element-b072a46\" data-id=\"b072a46\" data-element_type=\"column\" data-e-type=\"column\">\n\t\t\t<div class=\"elementor-widget-wrap elementor-element-populated\">\n\t\t\t\t\t\t<div class=\"elementor-element elementor-element-2fd0054 elementor-widget elementor-widget-heading\" data-id=\"2fd0054\" data-element_type=\"widget\" data-e-type=\"widget\" data-widget_type=\"heading.default\">\n\t\t\t\t<div class=\"elementor-widget-container\">\n\t\t\t\t\t<h2 class=\"elementor-heading-title elementor-size-default\">Qui\u00e9nes somos<\/h2>\t\t\t\t<\/div>\n\t\t\t\t<\/div>\n\t\t\t\t<div class=\"elementor-element elementor-element-fc72224 elementor-widget elementor-widget-text-editor\" data-id=\"fc72224\" data-element_type=\"widget\" data-e-type=\"widget\" data-widget_type=\"text-editor.default\">\n\t\t\t\t<div class=\"elementor-widget-container\">\n\t\t\t\t\t\t\t\t\t<p style=\"text-align: center;\"><span style=\"color: #333333;\"><em><span style=\"font-family: verdana, geneva;\">Ecupyme nace en el 2014 como un emprendimiento personal, con el af\u00e1n\u00a0 de apoyar el trabajo de la micro, peque\u00f1a y mediana Empresa, a trav\u00e9s de soluciones tecnol\u00f3gicas de alta calidad y economicamente accesibles para nuestros clientes.<\/span><\/em><\/span><\/p><p style=\"text-align: center;\"><span style=\"color: #333333;\"><em><span style=\"font-family: verdana, geneva;\">Con el pasar del tiempo, tenemos el agrado de haber realizado implementaciones de software e instalaci\u00f3n de hardware en diversas ciudades del Ecuador, as\u00ed como para clientes de distintos sectores econ\u00f3micos, superando nuestra expectativa al poder incluso brindar nuestros servicios a grandes Empresas.<\/span><\/em><\/span><\/p>\t\t\t\t\t\t\t\t<\/div>\n\t\t\t\t<\/div>\n\t\t\t\t<div class=\"elementor-element elementor-element-43887a2 elementor-widget-divider--view-line elementor-widget elementor-widget-divider\" data-id=\"43887a2\" data-element_type=\"widget\" data-e-type=\"widget\" data-widget_type=\"divider.default\">\n\t\t\t\t<div class=\"elementor-widget-container\">\n\t\t\t\t\t\t\t<div class=\"elementor-divider\">\n\t\t\t<span class=\"elementor-divider-separator\">\n\t\t\t\t\t\t<\/span>\n\t\t<\/div>\n\t\t\t\t\t\t<\/div>\n\t\t\t\t<\/div>\n\t\t\t\t\t<\/div>\n\t\t<\/div>\n\t\t\t\t\t<\/div>\n\t\t<\/section>\n\t\t\t\t<section class=\"elementor-section elementor-top-section elementor-element elementor-element-e584599 elementor-section-full_width elementor-section-stretched elementor-section-height-default elementor-section-height-default\" data-id=\"e584599\" data-element_type=\"section\" data-e-type=\"section\" data-settings=\"{&quot;stretch_section&quot;:&quot;section-stretched&quot;}\">\n\t\t\t\t\t\t<div class=\"elementor-container elementor-column-gap-default\">\n\t\t\t\t\t<div class=\"elementor-column elementor-col-50 elementor-top-column elementor-element elementor-element-5d7b638\" data-id=\"5d7b638\" data-element_type=\"column\" data-e-type=\"column\">\n\t\t\t<div class=\"elementor-widget-wrap elementor-element-populated\">\n\t\t\t\t\t\t<div class=\"elementor-element elementor-element-15b338b elementor-position-top elementor-widget elementor-widget-image-box\" data-id=\"15b338b\" data-element_type=\"widget\" data-e-type=\"widget\" data-widget_type=\"image-box.default\">\n\t\t\t\t<div class=\"elementor-widget-container\">\n\t\t\t\t\t<div class=\"elementor-image-box-wrapper\"><figure class=\"elementor-image-box-img\"><img fetchpriority=\"high\" decoding=\"async\" width=\"1920\" height=\"1280\" src=\"https:\/\/ecupyme.ec\/wp-content\/uploads\/2021\/01\/target-3535317_1920.jpg\" class=\"attachment-full size-full wp-image-239\" alt=\"Misi\u00f3n\" srcset=\"https:\/\/ecupyme.ec\/wp-content\/uploads\/2021\/01\/target-3535317_1920.jpg 1920w, https:\/\/ecupyme.ec\/wp-content\/uploads\/2021\/01\/target-3535317_1920-300x200.jpg 300w, https:\/\/ecupyme.ec\/wp-content\/uploads\/2021\/01\/target-3535317_1920-1024x683.jpg 1024w, https:\/\/ecupyme.ec\/wp-content\/uploads\/2021\/01\/target-3535317_1920-768x512.jpg 768w, https:\/\/ecupyme.ec\/wp-content\/uploads\/2021\/01\/target-3535317_1920-1536x1024.jpg 1536w\" sizes=\"(max-width: 1920px) 100vw, 1920px\" \/><\/figure><div class=\"elementor-image-box-content\"><h3 class=\"elementor-image-box-title\">Misi\u00f3n<\/h3><p class=\"elementor-image-box-description\">Proveer a nuestros clientes de herramientas tecnol\u00f3gicas, de acuerdo a su tama\u00f1o, estructura y necesidades, que les permitan lograr la transformaci\u00f3n digital y mantenerse en el mercado siendo competitivos.<\/p><\/div><\/div>\t\t\t\t<\/div>\n\t\t\t\t<\/div>\n\t\t\t\t\t<\/div>\n\t\t<\/div>\n\t\t\t\t<div class=\"elementor-column elementor-col-50 elementor-top-column elementor-element elementor-element-1687255\" data-id=\"1687255\" data-element_type=\"column\" data-e-type=\"column\">\n\t\t\t<div class=\"elementor-widget-wrap elementor-element-populated\">\n\t\t\t\t\t\t<div class=\"elementor-element elementor-element-4c76bae elementor-widget elementor-widget-spacer\" data-id=\"4c76bae\" data-element_type=\"widget\" data-e-type=\"widget\" data-widget_type=\"spacer.default\">\n\t\t\t\t<div class=\"elementor-widget-container\">\n\t\t\t\t\t\t\t<div class=\"elementor-spacer\">\n\t\t\t<div class=\"elementor-spacer-inner\"><\/div>\n\t\t<\/div>\n\t\t\t\t\t\t<\/div>\n\t\t\t\t<\/div>\n\t\t\t\t<div class=\"elementor-element elementor-element-0dc2fc1 elementor-position-top elementor-widget elementor-widget-image-box\" data-id=\"0dc2fc1\" data-element_type=\"widget\" data-e-type=\"widget\" data-widget_type=\"image-box.default\">\n\t\t\t\t<div class=\"elementor-widget-container\">\n\t\t\t\t\t<div class=\"elementor-image-box-wrapper\"><figure class=\"elementor-image-box-img\"><img decoding=\"async\" width=\"1920\" height=\"1152\" src=\"https:\/\/ecupyme.ec\/wp-content\/uploads\/2021\/01\/eye-3374462_1920.jpg\" class=\"attachment-full size-full wp-image-258\" alt=\"vision\" srcset=\"https:\/\/ecupyme.ec\/wp-content\/uploads\/2021\/01\/eye-3374462_1920.jpg 1920w, https:\/\/ecupyme.ec\/wp-content\/uploads\/2021\/01\/eye-3374462_1920-300x180.jpg 300w, https:\/\/ecupyme.ec\/wp-content\/uploads\/2021\/01\/eye-3374462_1920-1024x614.jpg 1024w, https:\/\/ecupyme.ec\/wp-content\/uploads\/2021\/01\/eye-3374462_1920-768x461.jpg 768w, https:\/\/ecupyme.ec\/wp-content\/uploads\/2021\/01\/eye-3374462_1920-1536x922.jpg 1536w\" sizes=\"(max-width: 1920px) 100vw, 1920px\" \/><\/figure><div class=\"elementor-image-box-content\"><h3 class=\"elementor-image-box-title\">Visi\u00f3n<\/h3><p class=\"elementor-image-box-description\">Ser una empresa conformada por un equipo multidisciplinario que se convierta en el socio estrat\u00e9gico de nuestros clientes en diversos procesos de sus negocios.<\/p><\/div><\/div>\t\t\t\t<\/div>\n\t\t\t\t<\/div>\n\t\t\t\t\t<\/div>\n\t\t<\/div>\n\t\t\t\t\t<\/div>\n\t\t<\/section>\n\t\t\t\t<section class=\"elementor-section elementor-top-section elementor-element elementor-element-b277a91 elementor-section-full_width elementor-section-stretched elementor-section-height-default elementor-section-height-default\" data-id=\"b277a91\" data-element_type=\"section\" data-e-type=\"section\" data-settings=\"{&quot;stretch_section&quot;:&quot;section-stretched&quot;}\">\n\t\t\t\t\t\t<div class=\"elementor-container elementor-column-gap-default\">\n\t\t\t\t\t<div class=\"elementor-column elementor-col-100 elementor-top-column elementor-element elementor-element-750a68d\" data-id=\"750a68d\" data-element_type=\"column\" data-e-type=\"column\">\n\t\t\t<div class=\"elementor-widget-wrap elementor-element-populated\">\n\t\t\t\t\t\t<div class=\"elementor-element elementor-element-f64d806 elementor-widget-divider--view-line elementor-widget elementor-widget-divider\" data-id=\"f64d806\" data-element_type=\"widget\" data-e-type=\"widget\" data-widget_type=\"divider.default\">\n\t\t\t\t<div class=\"elementor-widget-container\">\n\t\t\t\t\t\t\t<div class=\"elementor-divider\">\n\t\t\t<span class=\"elementor-divider-separator\">\n\t\t\t\t\t\t<\/span>\n\t\t<\/div>\n\t\t\t\t\t\t<\/div>\n\t\t\t\t<\/div>\n\t\t\t\t\t<\/div>\n\t\t<\/div>\n\t\t\t\t\t<\/div>\n\t\t<\/section>\n\t\t\t\t<\/div>\n\t\t","protected":false},"excerpt":{"rendered":"<p>Qui\u00e9nes somos Ecupyme nace en el 2014 como un emprendimiento personal, con el af\u00e1n\u00a0 de apoyar el trabajo de la micro, peque\u00f1a y mediana Empresa, a trav\u00e9s de soluciones tecnol\u00f3gicas de alta calidad y economicamente accesibles para nuestros clientes. Con el pasar del tiempo, tenemos el agrado de haber realizado implementaciones de software e instalaci\u00f3n &hellip; <\/p>\n","protected":false},"author":2,"featured_media":0,"parent":0,"menu_order":0,"comment_status":"closed","ping_status":"closed","template":"","meta":{"footnotes":""},"class_list":["post-72","page","type-page","status-publish","hentry"],"yoast_head":"<!-- This site is optimized with the Yoast SEO plugin v27.3 - https:\/\/yoast.com\/product\/yoast-seo-wordpress\/ -->\n<title>Nosotros - EcuPyme<\/title>\n<meta name=\"robots\" content=\"index, follow, max-snippet:-1, max-image-preview:large, max-video-preview:-1\" \/>\n<link rel=\"canonical\" href=\"https:\/\/ecupyme.ec\/index.php\/inicio\/\" \/>\n<meta property=\"og:locale\" content=\"es_ES\" \/>\n<meta property=\"og:type\" content=\"article\" \/>\n<meta property=\"og:title\" content=\"Nosotros - EcuPyme\" \/>\n<meta property=\"og:description\" content=\"Qui\u00e9nes somos Ecupyme nace en el 2014 como un emprendimiento personal, con el af\u00e1n\u00a0 de apoyar el trabajo de la micro, peque\u00f1a y mediana Empresa, a trav\u00e9s de soluciones tecnol\u00f3gicas de alta calidad y economicamente accesibles para nuestros clientes. Con el pasar del tiempo, tenemos el agrado de haber realizado implementaciones de software e instalaci\u00f3n &hellip;\" \/>\n<meta property=\"og:url\" content=\"https:\/\/ecupyme.ec\/index.php\/inicio\/\" \/>\n<meta property=\"og:site_name\" content=\"EcuPyme\" \/>\n<meta property=\"article:modified_time\" content=\"2021-02-19T20:19:42+00:00\" \/>\n<meta property=\"og:image\" content=\"http:\/\/ecupyme.ec\/wp-content\/uploads\/2021\/01\/target-3535317_1920.jpg\" \/>\n<meta name=\"twitter:card\" content=\"summary_large_image\" \/>\n<meta name=\"twitter:label1\" content=\"Tiempo de lectura\" \/>\n\t<meta name=\"twitter:data1\" content=\"2 minutos\" \/>\n<script type=\"application\/ld+json\" class=\"yoast-schema-graph\">{\"@context\":\"https:\\\/\\\/schema.org\",\"@graph\":[{\"@type\":\"WebPage\",\"@id\":\"https:\\\/\\\/ecupyme.ec\\\/index.php\\\/inicio\\\/\",\"url\":\"https:\\\/\\\/ecupyme.ec\\\/index.php\\\/inicio\\\/\",\"name\":\"Nosotros - EcuPyme\",\"isPartOf\":{\"@id\":\"https:\\\/\\\/ecupyme.ec\\\/#website\"},\"primaryImageOfPage\":{\"@id\":\"https:\\\/\\\/ecupyme.ec\\\/index.php\\\/inicio\\\/#primaryimage\"},\"image\":{\"@id\":\"https:\\\/\\\/ecupyme.ec\\\/index.php\\\/inicio\\\/#primaryimage\"},\"thumbnailUrl\":\"http:\\\/\\\/ecupyme.ec\\\/wp-content\\\/uploads\\\/2021\\\/01\\\/target-3535317_1920.jpg\",\"datePublished\":\"2021-01-07T17:01:59+00:00\",\"dateModified\":\"2021-02-19T20:19:42+00:00\",\"breadcrumb\":{\"@id\":\"https:\\\/\\\/ecupyme.ec\\\/index.php\\\/inicio\\\/#breadcrumb\"},\"inLanguage\":\"es\",\"potentialAction\":[{\"@type\":\"ReadAction\",\"target\":[\"https:\\\/\\\/ecupyme.ec\\\/index.php\\\/inicio\\\/\"]}]},{\"@type\":\"ImageObject\",\"inLanguage\":\"es\",\"@id\":\"https:\\\/\\\/ecupyme.ec\\\/index.php\\\/inicio\\\/#primaryimage\",\"url\":\"https:\\\/\\\/ecupyme.ec\\\/wp-content\\\/uploads\\\/2021\\\/01\\\/target-3535317_1920.jpg\",\"contentUrl\":\"https:\\\/\\\/ecupyme.ec\\\/wp-content\\\/uploads\\\/2021\\\/01\\\/target-3535317_1920.jpg\",\"width\":1920,\"height\":1280,\"caption\":\"Misi\u00f3n\"},{\"@type\":\"BreadcrumbList\",\"@id\":\"https:\\\/\\\/ecupyme.ec\\\/index.php\\\/inicio\\\/#breadcrumb\",\"itemListElement\":[{\"@type\":\"ListItem\",\"position\":1,\"name\":\"Portada\",\"item\":\"https:\\\/\\\/ecupyme.ec\\\/\"},{\"@type\":\"ListItem\",\"position\":2,\"name\":\"Nosotros\"}]},{\"@type\":\"WebSite\",\"@id\":\"https:\\\/\\\/ecupyme.ec\\\/#website\",\"url\":\"https:\\\/\\\/ecupyme.ec\\\/\",\"name\":\"EcuPyme\",\"description\":\"Software, Consultoria y Hardware\",\"potentialAction\":[{\"@type\":\"SearchAction\",\"target\":{\"@type\":\"EntryPoint\",\"urlTemplate\":\"https:\\\/\\\/ecupyme.ec\\\/?s={search_term_string}\"},\"query-input\":{\"@type\":\"PropertyValueSpecification\",\"valueRequired\":true,\"valueName\":\"search_term_string\"}}],\"inLanguage\":\"es\"}]}<\/script>\n<!-- \/ Yoast SEO plugin. -->","yoast_head_json":{"title":"Nosotros - EcuPyme","robots":{"index":"index","follow":"follow","max-snippet":"max-snippet:-1","max-image-preview":"max-image-preview:large","max-video-preview":"max-video-preview:-1"},"canonical":"https:\/\/ecupyme.ec\/index.php\/inicio\/","og_locale":"es_ES","og_type":"article","og_title":"Nosotros - EcuPyme","og_description":"Qui\u00e9nes somos Ecupyme nace en el 2014 como un emprendimiento personal, con el af\u00e1n\u00a0 de apoyar el trabajo de la micro, peque\u00f1a y mediana Empresa, a trav\u00e9s de soluciones tecnol\u00f3gicas de alta calidad y economicamente accesibles para nuestros clientes. Con el pasar del tiempo, tenemos el agrado de haber realizado implementaciones de software e instalaci\u00f3n &hellip;","og_url":"https:\/\/ecupyme.ec\/index.php\/inicio\/","og_site_name":"EcuPyme","article_modified_time":"2021-02-19T20:19:42+00:00","og_image":[{"url":"http:\/\/ecupyme.ec\/wp-content\/uploads\/2021\/01\/target-3535317_1920.jpg","type":"","width":"","height":""}],"twitter_card":"summary_large_image","twitter_misc":{"Tiempo de lectura":"2 minutos"},"schema":{"@context":"https:\/\/schema.org","@graph":[{"@type":"WebPage","@id":"https:\/\/ecupyme.ec\/index.php\/inicio\/","url":"https:\/\/ecupyme.ec\/index.php\/inicio\/","name":"Nosotros - EcuPyme","isPartOf":{"@id":"https:\/\/ecupyme.ec\/#website"},"primaryImageOfPage":{"@id":"https:\/\/ecupyme.ec\/index.php\/inicio\/#primaryimage"},"image":{"@id":"https:\/\/ecupyme.ec\/index.php\/inicio\/#primaryimage"},"thumbnailUrl":"http:\/\/ecupyme.ec\/wp-content\/uploads\/2021\/01\/target-3535317_1920.jpg","datePublished":"2021-01-07T17:01:59+00:00","dateModified":"2021-02-19T20:19:42+00:00","breadcrumb":{"@id":"https:\/\/ecupyme.ec\/index.php\/inicio\/#breadcrumb"},"inLanguage":"es","potentialAction":[{"@type":"ReadAction","target":["https:\/\/ecupyme.ec\/index.php\/inicio\/"]}]},{"@type":"ImageObject","inLanguage":"es","@id":"https:\/\/ecupyme.ec\/index.php\/inicio\/#primaryimage","url":"https:\/\/ecupyme.ec\/wp-content\/uploads\/2021\/01\/target-3535317_1920.jpg","contentUrl":"https:\/\/ecupyme.ec\/wp-content\/uploads\/2021\/01\/target-3535317_1920.jpg","width":1920,"height":1280,"caption":"Misi\u00f3n"},{"@type":"BreadcrumbList","@id":"https:\/\/ecupyme.ec\/index.php\/inicio\/#breadcrumb","itemListElement":[{"@type":"ListItem","position":1,"name":"Portada","item":"https:\/\/ecupyme.ec\/"},{"@type":"ListItem","position":2,"name":"Nosotros"}]},{"@type":"WebSite","@id":"https:\/\/ecupyme.ec\/#website","url":"https:\/\/ecupyme.ec\/","name":"EcuPyme","description":"Software, Consultoria y Hardware","potentialAction":[{"@type":"SearchAction","target":{"@type":"EntryPoint","urlTemplate":"https:\/\/ecupyme.ec\/?s={search_term_string}"},"query-input":{"@type":"PropertyValueSpecification","valueRequired":true,"valueName":"search_term_string"}}],"inLanguage":"es"}]}},"_links":{"self":[{"href":"https:\/\/ecupyme.ec\/index.php\/wp-json\/wp\/v2\/pages\/72","targetHints":{"allow":["GET"]}}],"collection":[{"href":"https:\/\/ecupyme.ec\/index.php\/wp-json\/wp\/v2\/pages"}],"about":[{"href":"https:\/\/ecupyme.ec\/index.php\/wp-json\/wp\/v2\/types\/page"}],"author":[{"embeddable":true,"href":"https:\/\/ecupyme.ec\/index.php\/wp-json\/wp\/v2\/users\/2"}],"replies":[{"embeddable":true,"href":"https:\/\/ecupyme.ec\/index.php\/wp-json\/wp\/v2\/comments?post=72"}],"version-history":[{"count":121,"href":"https:\/\/ecupyme.ec\/index.php\/wp-json\/wp\/v2\/pages\/72\/revisions"}],"predecessor-version":[{"id":974,"href":"https:\/\/ecupyme.ec\/index.php\/wp-json\/wp\/v2\/pages\/72\/revisions\/974"}],"wp:attachment":[{"href":"https:\/\/ecupyme.ec\/index.php\/wp-json\/wp\/v2\/media?parent=72"}],"curies":[{"name":"wp","href":"https:\/\/api.w.org\/{rel}","templated":true}]}}